{"id":8420,"date":"2025-05-26T19:22:05","date_gmt":"2025-05-26T19:22:05","guid":{"rendered":"https:\/\/www.tualianza.com.uy\/inicio\/?product=anillo-profesion-enfermera-2"},"modified":"2026-01-17T02:13:10","modified_gmt":"2026-01-17T02:13:10","slug":"anillo-profesion-enfermera-2","status":"publish","type":"product","link":"https:\/\/www.tualianza.com.uy\/inicio\/?product=anillo-profesion-enfermera-2","title":{"rendered":"Anillo profesi\u00f3n enfermera"},"content":{"rendered":"<p>Anillo profesi\u00f3n enfermera, Plata 925,\u00f3nix, oro 9K, fabricado a medida en \ud83c\uddfa\ud83c\uddfe\ud83c\uddfa\ud83c\uddfe\ud83c\uddfa\ud83c\uddfe<\/p>\n<p>Grabado de obsequio<\/p>\n","protected":false},"excerpt":{"rendered":"<p>Anillo profesi\u00f3n enfermera, Plata 925, oro 9K y onix<\/p>\n","protected":false},"featured_media":8416,"template":"","meta":[],"product_brand":[],"product_cat":[21],"product_tag":[253],"class_list":{"0":"post-8420","1":"product","2":"type-product","3":"status-publish","4":"has-post-thumbnail","6":"product_cat-anillos-profesionales","7":"product_tag-anillo-enfermera","9":"first","10":"instock","11":"shipping-taxable","12":"purchasable","13":"product-type-simple"},"_links":{"self":[{"href":"https:\/\/www.tualianza.com.uy\/inicio\/index.php?rest_route=\/wp\/v2\/product\/8420","targetHints":{"allow":["GET"]}}],"collection":[{"href":"https:\/\/www.tualianza.com.uy\/inicio\/index.php?rest_route=\/wp\/v2\/product"}],"about":[{"href":"https:\/\/www.tualianza.com.uy\/inicio\/index.php?rest_route=\/wp\/v2\/types\/product"}],"wp:featuredmedia":[{"embeddable":true,"href":"https:\/\/www.tualianza.com.uy\/inicio\/index.php?rest_route=\/wp\/v2\/media\/8416"}],"wp:attachment":[{"href":"https:\/\/www.tualianza.com.uy\/inicio\/index.php?rest_route=%2Fwp%2Fv2%2Fmedia&parent=8420"}],"wp:term":[{"taxonomy":"product_brand","embeddable":true,"href":"https:\/\/www.tualianza.com.uy\/inicio\/index.php?rest_route=%2Fwp%2Fv2%2Fproduct_brand&post=8420"},{"taxonomy":"product_cat","embeddable":true,"href":"https:\/\/www.tualianza.com.uy\/inicio\/index.php?rest_route=%2Fwp%2Fv2%2Fproduct_cat&post=8420"},{"taxonomy":"product_tag","embeddable":true,"href":"https:\/\/www.tualianza.com.uy\/inicio\/index.php?rest_route=%2Fwp%2Fv2%2Fproduct_tag&post=8420"}],"curies":[{"name":"wp","href":"https:\/\/api.w.org\/{rel}","templated":true}]}}