{"id":6250,"date":"2024-11-17T01:49:07","date_gmt":"2024-11-17T01:49:07","guid":{"rendered":"https:\/\/www.tualianza.com.uy\/inicio\/?product=anillo-plata-y-oro-double-con-1-hija-o"},"modified":"2025-05-02T15:10:03","modified_gmt":"2025-05-02T15:10:03","slug":"anillo-plata-y-oro-double-con-1-hija-o","status":"publish","type":"product","link":"https:\/\/www.tualianza.com.uy\/inicio\/?product=anillo-plata-y-oro-double-con-1-hija-o","title":{"rendered":"Anillo Plata y oro doubl\u00e9 con 1 hijo"},"content":{"rendered":"<p>Anillo Plata 925 y borde oro doubl\u00e9 , con 1 hijo en oro 9K, grabado l\u00e1ser de obsequio<\/p>\n","protected":false},"excerpt":{"rendered":"<p>Anillo, 10mm de ancho, Plata y oro doubl\u00e9, con 1 hijo en oro<\/p>\n","protected":false},"featured_media":6249,"template":"","meta":[],"product_brand":[],"product_cat":[38,22],"product_tag":[375,376],"class_list":{"0":"post-6250","1":"product","2":"type-product","3":"status-publish","4":"has-post-thumbnail","6":"product_cat-anillos","7":"product_cat-joyeria","8":"product_tag-anillo-con-1-hijo","9":"product_tag-anillos-para-madres","11":"first","12":"instock","13":"shipping-taxable","14":"purchasable","15":"product-type-simple"},"_links":{"self":[{"href":"https:\/\/www.tualianza.com.uy\/inicio\/index.php?rest_route=\/wp\/v2\/product\/6250","targetHints":{"allow":["GET"]}}],"collection":[{"href":"https:\/\/www.tualianza.com.uy\/inicio\/index.php?rest_route=\/wp\/v2\/product"}],"about":[{"href":"https:\/\/www.tualianza.com.uy\/inicio\/index.php?rest_route=\/wp\/v2\/types\/product"}],"wp:featuredmedia":[{"embeddable":true,"href":"https:\/\/www.tualianza.com.uy\/inicio\/index.php?rest_route=\/wp\/v2\/media\/6249"}],"wp:attachment":[{"href":"https:\/\/www.tualianza.com.uy\/inicio\/index.php?rest_route=%2Fwp%2Fv2%2Fmedia&parent=6250"}],"wp:term":[{"taxonomy":"product_brand","embeddable":true,"href":"https:\/\/www.tualianza.com.uy\/inicio\/index.php?rest_route=%2Fwp%2Fv2%2Fproduct_brand&post=6250"},{"taxonomy":"product_cat","embeddable":true,"href":"https:\/\/www.tualianza.com.uy\/inicio\/index.php?rest_route=%2Fwp%2Fv2%2Fproduct_cat&post=6250"},{"taxonomy":"product_tag","embeddable":true,"href":"https:\/\/www.tualianza.com.uy\/inicio\/index.php?rest_route=%2Fwp%2Fv2%2Fproduct_tag&post=6250"}],"curies":[{"name":"wp","href":"https:\/\/api.w.org\/{rel}","templated":true}]}}