{"id":5105,"date":"2024-06-27T18:43:34","date_gmt":"2024-06-27T18:43:34","guid":{"rendered":"https:\/\/www.tualianza.com.uy\/inicio\/?product=anillo-profesion-armada-nacional-infanteria-de-marina"},"modified":"2026-01-30T00:53:54","modified_gmt":"2026-01-30T00:53:54","slug":"anillo-profesion-armada-nacional-infanteria-de-marina","status":"publish","type":"product","link":"https:\/\/www.tualianza.com.uy\/inicio\/?product=anillo-profesion-armada-nacional-infanteria-de-marina","title":{"rendered":"Anillo profesi\u00f3n Armada nacional infanter\u00eda de marina"},"content":{"rendered":"<p>Anillo Plata 925 y logo en oro 9K, grabado l\u00e1ser por ejemplo fecha ,de obsequio<\/p>\n","protected":false},"excerpt":{"rendered":"<p>Anillo armada nacional infanter\u00eda de marina Plata 925 y oro 9K<\/p>\n","protected":false},"featured_media":5103,"template":"","meta":[],"product_brand":[],"product_cat":[21],"product_tag":[57],"class_list":{"0":"post-5105","1":"product","2":"type-product","3":"status-publish","4":"has-post-thumbnail","6":"product_cat-anillos-profesionales","7":"product_tag-anillo-profesional","9":"first","10":"instock","11":"shipping-taxable","12":"purchasable","13":"product-type-simple"},"_links":{"self":[{"href":"https:\/\/www.tualianza.com.uy\/inicio\/index.php?rest_route=\/wp\/v2\/product\/5105","targetHints":{"allow":["GET"]}}],"collection":[{"href":"https:\/\/www.tualianza.com.uy\/inicio\/index.php?rest_route=\/wp\/v2\/product"}],"about":[{"href":"https:\/\/www.tualianza.com.uy\/inicio\/index.php?rest_route=\/wp\/v2\/types\/product"}],"wp:featuredmedia":[{"embeddable":true,"href":"https:\/\/www.tualianza.com.uy\/inicio\/index.php?rest_route=\/wp\/v2\/media\/5103"}],"wp:attachment":[{"href":"https:\/\/www.tualianza.com.uy\/inicio\/index.php?rest_route=%2Fwp%2Fv2%2Fmedia&parent=5105"}],"wp:term":[{"taxonomy":"product_brand","embeddable":true,"href":"https:\/\/www.tualianza.com.uy\/inicio\/index.php?rest_route=%2Fwp%2Fv2%2Fproduct_brand&post=5105"},{"taxonomy":"product_cat","embeddable":true,"href":"https:\/\/www.tualianza.com.uy\/inicio\/index.php?rest_route=%2Fwp%2Fv2%2Fproduct_cat&post=5105"},{"taxonomy":"product_tag","embeddable":true,"href":"https:\/\/www.tualianza.com.uy\/inicio\/index.php?rest_route=%2Fwp%2Fv2%2Fproduct_tag&post=5105"}],"curies":[{"name":"wp","href":"https:\/\/api.w.org\/{rel}","templated":true}]}}