{"id":4743,"date":"2024-02-09T20:15:36","date_gmt":"2024-02-09T20:15:36","guid":{"rendered":"https:\/\/www.tualianza.com.uy\/inicio\/?product=medalla-profesion-laboratorista"},"modified":"2026-01-30T00:48:48","modified_gmt":"2026-01-30T00:48:48","slug":"medalla-profesion-laboratorista","status":"publish","type":"product","link":"https:\/\/www.tualianza.com.uy\/inicio\/?product=medalla-profesion-laboratorista","title":{"rendered":"Medalla profesi\u00f3n laboratorista"},"content":{"rendered":"<p>Medalla profesional laboratorista Plata 925 y oro 9 K, grabado l\u00e1ser de obsequio, 20mm di\u00e1metro<\/p>\n","protected":false},"excerpt":{"rendered":"<p>Medalla Plata y oro, profesi\u00f3n laboratorista<\/p>\n","protected":false},"featured_media":4741,"template":"","meta":[],"product_brand":[],"product_cat":[315],"product_tag":[316,317],"class_list":{"0":"post-4743","1":"product","2":"type-product","3":"status-publish","4":"has-post-thumbnail","6":"product_cat-medallas-profesionales","7":"product_tag-laboratorio","8":"product_tag-laboratorista","10":"first","11":"instock","12":"shipping-taxable","13":"purchasable","14":"product-type-simple"},"_links":{"self":[{"href":"https:\/\/www.tualianza.com.uy\/inicio\/index.php?rest_route=\/wp\/v2\/product\/4743","targetHints":{"allow":["GET"]}}],"collection":[{"href":"https:\/\/www.tualianza.com.uy\/inicio\/index.php?rest_route=\/wp\/v2\/product"}],"about":[{"href":"https:\/\/www.tualianza.com.uy\/inicio\/index.php?rest_route=\/wp\/v2\/types\/product"}],"wp:featuredmedia":[{"embeddable":true,"href":"https:\/\/www.tualianza.com.uy\/inicio\/index.php?rest_route=\/wp\/v2\/media\/4741"}],"wp:attachment":[{"href":"https:\/\/www.tualianza.com.uy\/inicio\/index.php?rest_route=%2Fwp%2Fv2%2Fmedia&parent=4743"}],"wp:term":[{"taxonomy":"product_brand","embeddable":true,"href":"https:\/\/www.tualianza.com.uy\/inicio\/index.php?rest_route=%2Fwp%2Fv2%2Fproduct_brand&post=4743"},{"taxonomy":"product_cat","embeddable":true,"href":"https:\/\/www.tualianza.com.uy\/inicio\/index.php?rest_route=%2Fwp%2Fv2%2Fproduct_cat&post=4743"},{"taxonomy":"product_tag","embeddable":true,"href":"https:\/\/www.tualianza.com.uy\/inicio\/index.php?rest_route=%2Fwp%2Fv2%2Fproduct_tag&post=4743"}],"curies":[{"name":"wp","href":"https:\/\/api.w.org\/{rel}","templated":true}]}}