{"id":4459,"date":"2023-12-03T01:42:19","date_gmt":"2023-12-03T01:42:19","guid":{"rendered":"https:\/\/www.tualianza.com.uy\/inicio\/?product=lapiceras-personalizadas-codigo-338"},"modified":"2023-12-03T01:43:00","modified_gmt":"2023-12-03T01:43:00","slug":"lapiceras-personalizadas-codigo-338","status":"publish","type":"product","link":"https:\/\/www.tualianza.com.uy\/inicio\/?product=lapiceras-personalizadas-codigo-338","title":{"rendered":"Lapiceras personalizadas c\u00f3digo 338"},"content":{"rendered":"<p>Lapiceras personalizadas l\u00e1ser, con estuche, opci\u00f3n de colores<\/p>\n","protected":false},"excerpt":{"rendered":"<p>Lapiceras personalizadas l\u00e1ser, con estuche<\/p>\n","protected":false},"featured_media":4458,"template":"","meta":[],"product_brand":[],"product_cat":[276],"product_tag":[275],"class_list":{"0":"post-4459","1":"product","2":"type-product","3":"status-publish","4":"has-post-thumbnail","6":"product_cat-lapiceras","7":"product_tag-lapiceras-personalizadas","9":"first","10":"instock","11":"shipping-taxable","12":"purchasable","13":"product-type-simple"},"_links":{"self":[{"href":"https:\/\/www.tualianza.com.uy\/inicio\/index.php?rest_route=\/wp\/v2\/product\/4459","targetHints":{"allow":["GET"]}}],"collection":[{"href":"https:\/\/www.tualianza.com.uy\/inicio\/index.php?rest_route=\/wp\/v2\/product"}],"about":[{"href":"https:\/\/www.tualianza.com.uy\/inicio\/index.php?rest_route=\/wp\/v2\/types\/product"}],"wp:featuredmedia":[{"embeddable":true,"href":"https:\/\/www.tualianza.com.uy\/inicio\/index.php?rest_route=\/wp\/v2\/media\/4458"}],"wp:attachment":[{"href":"https:\/\/www.tualianza.com.uy\/inicio\/index.php?rest_route=%2Fwp%2Fv2%2Fmedia&parent=4459"}],"wp:term":[{"taxonomy":"product_brand","embeddable":true,"href":"https:\/\/www.tualianza.com.uy\/inicio\/index.php?rest_route=%2Fwp%2Fv2%2Fproduct_brand&post=4459"},{"taxonomy":"product_cat","embeddable":true,"href":"https:\/\/www.tualianza.com.uy\/inicio\/index.php?rest_route=%2Fwp%2Fv2%2Fproduct_cat&post=4459"},{"taxonomy":"product_tag","embeddable":true,"href":"https:\/\/www.tualianza.com.uy\/inicio\/index.php?rest_route=%2Fwp%2Fv2%2Fproduct_tag&post=4459"}],"curies":[{"name":"wp","href":"https:\/\/api.w.org\/{rel}","templated":true}]}}