{"id":4277,"date":"2023-11-14T00:44:16","date_gmt":"2023-11-14T00:44:16","guid":{"rendered":"https:\/\/www.tualianza.com.uy\/inicio\/?product=anillo-profesion-enfermeria-plata-y-oro"},"modified":"2026-04-14T17:28:42","modified_gmt":"2026-04-14T17:28:42","slug":"anillo-profesion-enfermeria-plata-y-oro","status":"publish","type":"product","link":"https:\/\/www.tualianza.com.uy\/inicio\/?product=anillo-profesion-enfermeria-plata-y-oro","title":{"rendered":"Anillo profesi\u00f3n enfermer\u00eda Plata y oro"},"content":{"rendered":"<p>Anillo profesional enfermer\u00eda mesa 10x 14, completo: marca, logo cruz y aplique lateral<\/p>\n","protected":false},"excerpt":{"rendered":"<p>Anillo Plata y oro completo enfermer\u00eda<\/p>\n","protected":false},"featured_media":4280,"template":"","meta":[],"product_brand":[],"product_cat":[21],"product_tag":[253,150,113],"class_list":{"0":"post-4277","1":"product","2":"type-product","3":"status-publish","4":"has-post-thumbnail","6":"product_cat-anillos-profesionales","7":"product_tag-anillo-enfermera","8":"product_tag-anillo-enfermeria","9":"product_tag-enfermero","11":"first","12":"instock","13":"shipping-taxable","14":"purchasable","15":"product-type-simple"},"_links":{"self":[{"href":"https:\/\/www.tualianza.com.uy\/inicio\/index.php?rest_route=\/wp\/v2\/product\/4277","targetHints":{"allow":["GET"]}}],"collection":[{"href":"https:\/\/www.tualianza.com.uy\/inicio\/index.php?rest_route=\/wp\/v2\/product"}],"about":[{"href":"https:\/\/www.tualianza.com.uy\/inicio\/index.php?rest_route=\/wp\/v2\/types\/product"}],"wp:featuredmedia":[{"embeddable":true,"href":"https:\/\/www.tualianza.com.uy\/inicio\/index.php?rest_route=\/wp\/v2\/media\/4280"}],"wp:attachment":[{"href":"https:\/\/www.tualianza.com.uy\/inicio\/index.php?rest_route=%2Fwp%2Fv2%2Fmedia&parent=4277"}],"wp:term":[{"taxonomy":"product_brand","embeddable":true,"href":"https:\/\/www.tualianza.com.uy\/inicio\/index.php?rest_route=%2Fwp%2Fv2%2Fproduct_brand&post=4277"},{"taxonomy":"product_cat","embeddable":true,"href":"https:\/\/www.tualianza.com.uy\/inicio\/index.php?rest_route=%2Fwp%2Fv2%2Fproduct_cat&post=4277"},{"taxonomy":"product_tag","embeddable":true,"href":"https:\/\/www.tualianza.com.uy\/inicio\/index.php?rest_route=%2Fwp%2Fv2%2Fproduct_tag&post=4277"}],"curies":[{"name":"wp","href":"https:\/\/api.w.org\/{rel}","templated":true}]}}