{"id":3918,"date":"2023-10-07T16:03:03","date_gmt":"2023-10-07T16:03:03","guid":{"rendered":"https:\/\/www.tualianza.com.uy\/inicio\/?product=medalla-virgen-maria-plata"},"modified":"2023-10-09T17:21:09","modified_gmt":"2023-10-09T17:21:09","slug":"medalla-virgen-maria-plata","status":"publish","type":"product","link":"https:\/\/www.tualianza.com.uy\/inicio\/?product=medalla-virgen-maria-plata","title":{"rendered":"Medalla virgen Mar\u00eda Plata"},"content":{"rendered":"<p>Medalla virgen Mar\u00eda, Plata 915, 15mm de di\u00e1metro, grabado l\u00e1ser opcional<\/p>\n","protected":false},"excerpt":{"rendered":"<p>Medalla redonda 15mm, Plata 925, virgen Mar\u00eda<\/p>\n","protected":false},"featured_media":3916,"template":"","meta":[],"product_brand":[],"product_cat":[41,22],"product_tag":[200],"class_list":{"0":"post-3918","1":"product","2":"type-product","3":"status-publish","4":"has-post-thumbnail","6":"product_cat-dijes","7":"product_cat-joyeria","8":"product_tag-medalla-virgen-maria-plata","10":"first","11":"instock","12":"shipping-taxable","13":"purchasable","14":"product-type-simple"},"_links":{"self":[{"href":"https:\/\/www.tualianza.com.uy\/inicio\/index.php?rest_route=\/wp\/v2\/product\/3918","targetHints":{"allow":["GET"]}}],"collection":[{"href":"https:\/\/www.tualianza.com.uy\/inicio\/index.php?rest_route=\/wp\/v2\/product"}],"about":[{"href":"https:\/\/www.tualianza.com.uy\/inicio\/index.php?rest_route=\/wp\/v2\/types\/product"}],"wp:featuredmedia":[{"embeddable":true,"href":"https:\/\/www.tualianza.com.uy\/inicio\/index.php?rest_route=\/wp\/v2\/media\/3916"}],"wp:attachment":[{"href":"https:\/\/www.tualianza.com.uy\/inicio\/index.php?rest_route=%2Fwp%2Fv2%2Fmedia&parent=3918"}],"wp:term":[{"taxonomy":"product_brand","embeddable":true,"href":"https:\/\/www.tualianza.com.uy\/inicio\/index.php?rest_route=%2Fwp%2Fv2%2Fproduct_brand&post=3918"},{"taxonomy":"product_cat","embeddable":true,"href":"https:\/\/www.tualianza.com.uy\/inicio\/index.php?rest_route=%2Fwp%2Fv2%2Fproduct_cat&post=3918"},{"taxonomy":"product_tag","embeddable":true,"href":"https:\/\/www.tualianza.com.uy\/inicio\/index.php?rest_route=%2Fwp%2Fv2%2Fproduct_tag&post=3918"}],"curies":[{"name":"wp","href":"https:\/\/api.w.org\/{rel}","templated":true}]}}