{"id":3456,"date":"2023-08-09T23:59:26","date_gmt":"2023-08-09T23:59:26","guid":{"rendered":"https:\/\/www.tualianza.com.uy\/inicio\/?product=cadena-y-dije-plata-hijo-o-hija"},"modified":"2026-04-01T14:28:58","modified_gmt":"2026-04-01T14:28:58","slug":"cadena-y-dije-plata-hijo-o-hija","status":"publish","type":"product","link":"https:\/\/www.tualianza.com.uy\/inicio\/?product=cadena-y-dije-plata-hijo-o-hija","title":{"rendered":"Cadena y dije Plata hijo o hija"},"content":{"rendered":"<p>Cadena de 45 cm, Plata 925, con dije ni\u00f1o o ni\u00f1a micropav\u00e9, Plata 925<\/p>\n","protected":false},"excerpt":{"rendered":"<p>Dije ni\u00f1o o ni\u00f1a micropav\u00e9 Plata 925, cadena 45 cm, Plata 925<\/p>\n","protected":false},"featured_media":3454,"template":"","meta":[],"product_brand":[],"product_cat":[79,41,22,44],"product_tag":[125,131],"class_list":{"0":"post-3456","1":"product","2":"type-product","3":"status-publish","4":"has-post-thumbnail","6":"product_cat-cadenas","7":"product_cat-dijes","8":"product_cat-joyeria","9":"product_cat-plata","10":"product_tag-cadena-de-plata","11":"product_tag-dije-hijo-o-hija","13":"first","14":"instock","15":"shipping-taxable","16":"purchasable","17":"product-type-simple"},"_links":{"self":[{"href":"https:\/\/www.tualianza.com.uy\/inicio\/index.php?rest_route=\/wp\/v2\/product\/3456","targetHints":{"allow":["GET"]}}],"collection":[{"href":"https:\/\/www.tualianza.com.uy\/inicio\/index.php?rest_route=\/wp\/v2\/product"}],"about":[{"href":"https:\/\/www.tualianza.com.uy\/inicio\/index.php?rest_route=\/wp\/v2\/types\/product"}],"wp:featuredmedia":[{"embeddable":true,"href":"https:\/\/www.tualianza.com.uy\/inicio\/index.php?rest_route=\/wp\/v2\/media\/3454"}],"wp:attachment":[{"href":"https:\/\/www.tualianza.com.uy\/inicio\/index.php?rest_route=%2Fwp%2Fv2%2Fmedia&parent=3456"}],"wp:term":[{"taxonomy":"product_brand","embeddable":true,"href":"https:\/\/www.tualianza.com.uy\/inicio\/index.php?rest_route=%2Fwp%2Fv2%2Fproduct_brand&post=3456"},{"taxonomy":"product_cat","embeddable":true,"href":"https:\/\/www.tualianza.com.uy\/inicio\/index.php?rest_route=%2Fwp%2Fv2%2Fproduct_cat&post=3456"},{"taxonomy":"product_tag","embeddable":true,"href":"https:\/\/www.tualianza.com.uy\/inicio\/index.php?rest_route=%2Fwp%2Fv2%2Fproduct_tag&post=3456"}],"curies":[{"name":"wp","href":"https:\/\/api.w.org\/{rel}","templated":true}]}}