{"id":3029,"date":"2023-05-23T15:52:33","date_gmt":"2023-05-23T15:52:33","guid":{"rendered":"https:\/\/www.tualianza.com.uy\/inicio\/?product=medalla-profesional-quimico-farmaceutico"},"modified":"2026-01-30T01:33:52","modified_gmt":"2026-01-30T01:33:52","slug":"medalla-profesional-quimico-farmaceutico","status":"publish","type":"product","link":"https:\/\/www.tualianza.com.uy\/inicio\/?product=medalla-profesional-quimico-farmaceutico","title":{"rendered":"Medalla Profesional Qu\u00edmico Farmaceutico"},"content":{"rendered":"<p>Medalla profesional Plata 925 y oro 9K profesi\u00f3n Qu\u00edmico Farmac\u00e9utico. Con grabado l\u00e1ser<\/p>\n","protected":false},"excerpt":{"rendered":"<p>Anillo profesional Plata y oro<\/p>\n<p>Qu\u00edmico farmac\u00e9utico<\/p>\n","protected":false},"featured_media":3028,"template":"","meta":[],"product_brand":[],"product_cat":[315],"product_tag":[72,70,71,69],"class_list":{"0":"post-3029","1":"product","2":"type-product","3":"status-publish","4":"has-post-thumbnail","6":"product_cat-medallas-profesionales","7":"product_tag-dije-medalla","8":"product_tag-farmacia","9":"product_tag-profesional","10":"product_tag-quimico-farmaceutico","12":"first","13":"instock","14":"shipping-taxable","15":"purchasable","16":"product-type-simple"},"_links":{"self":[{"href":"https:\/\/www.tualianza.com.uy\/inicio\/index.php?rest_route=\/wp\/v2\/product\/3029","targetHints":{"allow":["GET"]}}],"collection":[{"href":"https:\/\/www.tualianza.com.uy\/inicio\/index.php?rest_route=\/wp\/v2\/product"}],"about":[{"href":"https:\/\/www.tualianza.com.uy\/inicio\/index.php?rest_route=\/wp\/v2\/types\/product"}],"wp:featuredmedia":[{"embeddable":true,"href":"https:\/\/www.tualianza.com.uy\/inicio\/index.php?rest_route=\/wp\/v2\/media\/3028"}],"wp:attachment":[{"href":"https:\/\/www.tualianza.com.uy\/inicio\/index.php?rest_route=%2Fwp%2Fv2%2Fmedia&parent=3029"}],"wp:term":[{"taxonomy":"product_brand","embeddable":true,"href":"https:\/\/www.tualianza.com.uy\/inicio\/index.php?rest_route=%2Fwp%2Fv2%2Fproduct_brand&post=3029"},{"taxonomy":"product_cat","embeddable":true,"href":"https:\/\/www.tualianza.com.uy\/inicio\/index.php?rest_route=%2Fwp%2Fv2%2Fproduct_cat&post=3029"},{"taxonomy":"product_tag","embeddable":true,"href":"https:\/\/www.tualianza.com.uy\/inicio\/index.php?rest_route=%2Fwp%2Fv2%2Fproduct_tag&post=3029"}],"curies":[{"name":"wp","href":"https:\/\/api.w.org\/{rel}","templated":true}]}}