{"id":2667,"date":"2023-03-19T21:34:11","date_gmt":"2023-03-19T21:34:11","guid":{"rendered":"http:\/\/www.tualianza.com.uy\/inicio\/?product=anillo-educadora-inicial"},"modified":"2026-01-30T01:01:43","modified_gmt":"2026-01-30T01:01:43","slug":"anillo-educadora-inicial","status":"publish","type":"product","link":"https:\/\/www.tualianza.com.uy\/inicio\/?product=anillo-educadora-inicial","title":{"rendered":"Anillo Profesi\u00f3n Educaci\u00f3n Inicial"},"content":{"rendered":"<p>Anillo plata y oro Educadora Inicial, grabado l\u00e1ser de obsequio con la compra<\/p>\n","protected":false},"excerpt":{"rendered":"<p>Anillo Plata y oro educaci\u00f3n inicial<\/p>\n","protected":false},"featured_media":3017,"template":"","meta":[],"product_brand":[],"product_cat":[21],"product_tag":[57],"class_list":{"0":"post-2667","1":"product","2":"type-product","3":"status-publish","4":"has-post-thumbnail","6":"product_cat-anillos-profesionales","7":"product_tag-anillo-profesional","9":"first","10":"instock","11":"shipping-taxable","12":"purchasable","13":"product-type-simple"},"_links":{"self":[{"href":"https:\/\/www.tualianza.com.uy\/inicio\/index.php?rest_route=\/wp\/v2\/product\/2667","targetHints":{"allow":["GET"]}}],"collection":[{"href":"https:\/\/www.tualianza.com.uy\/inicio\/index.php?rest_route=\/wp\/v2\/product"}],"about":[{"href":"https:\/\/www.tualianza.com.uy\/inicio\/index.php?rest_route=\/wp\/v2\/types\/product"}],"wp:featuredmedia":[{"embeddable":true,"href":"https:\/\/www.tualianza.com.uy\/inicio\/index.php?rest_route=\/wp\/v2\/media\/3017"}],"wp:attachment":[{"href":"https:\/\/www.tualianza.com.uy\/inicio\/index.php?rest_route=%2Fwp%2Fv2%2Fmedia&parent=2667"}],"wp:term":[{"taxonomy":"product_brand","embeddable":true,"href":"https:\/\/www.tualianza.com.uy\/inicio\/index.php?rest_route=%2Fwp%2Fv2%2Fproduct_brand&post=2667"},{"taxonomy":"product_cat","embeddable":true,"href":"https:\/\/www.tualianza.com.uy\/inicio\/index.php?rest_route=%2Fwp%2Fv2%2Fproduct_cat&post=2667"},{"taxonomy":"product_tag","embeddable":true,"href":"https:\/\/www.tualianza.com.uy\/inicio\/index.php?rest_route=%2Fwp%2Fv2%2Fproduct_tag&post=2667"}],"curies":[{"name":"wp","href":"https:\/\/api.w.org\/{rel}","templated":true}]}}