{"id":10838,"date":"2026-01-08T00:29:54","date_gmt":"2026-01-08T00:29:54","guid":{"rendered":"https:\/\/www.tualianza.com.uy\/inicio\/?product=alianzas-oro-18k-bicolor"},"modified":"2026-01-08T11:09:17","modified_gmt":"2026-01-08T11:09:17","slug":"alianzas-oro-18k-bicolor","status":"publish","type":"product","link":"https:\/\/www.tualianza.com.uy\/inicio\/?product=alianzas-oro-18k-bicolor","title":{"rendered":"Alianzas bi Color oro 18K"},"content":{"rendered":"<p>Par de alianzas en oro 18K, bicolor, 6mm, grabado l\u00e1ser de obsequio con la compra, fabricadas a medida en \ud83c\uddfa\ud83c\uddfe\ud83c\uddfa\ud83c\uddfe<\/p>\n<p>Los precios publicados son hasta 20.5mm di\u00e1metro interno qu\u00e9 equivale al talle 24, si fuera m\u00e1s grande hay que cotizar nuevamente<\/p>\n","protected":false},"excerpt":{"rendered":"<p>Par de alianzas combinadas bicolor, oro 18K<\/p>\n","protected":false},"featured_media":10834,"template":"","meta":[],"product_brand":[],"product_cat":[19,23],"product_tag":[29,462],"class_list":{"0":"post-10838","1":"product","2":"type-product","3":"status-publish","4":"has-post-thumbnail","6":"product_cat-alianzas","7":"product_cat-alianzas-de-oro","8":"product_tag-alianzas-de-oro","9":"product_tag-boda-casamiento","11":"first","12":"instock","13":"shipping-taxable","14":"purchasable","15":"product-type-simple"},"_links":{"self":[{"href":"https:\/\/www.tualianza.com.uy\/inicio\/index.php?rest_route=\/wp\/v2\/product\/10838","targetHints":{"allow":["GET"]}}],"collection":[{"href":"https:\/\/www.tualianza.com.uy\/inicio\/index.php?rest_route=\/wp\/v2\/product"}],"about":[{"href":"https:\/\/www.tualianza.com.uy\/inicio\/index.php?rest_route=\/wp\/v2\/types\/product"}],"wp:featuredmedia":[{"embeddable":true,"href":"https:\/\/www.tualianza.com.uy\/inicio\/index.php?rest_route=\/wp\/v2\/media\/10834"}],"wp:attachment":[{"href":"https:\/\/www.tualianza.com.uy\/inicio\/index.php?rest_route=%2Fwp%2Fv2%2Fmedia&parent=10838"}],"wp:term":[{"taxonomy":"product_brand","embeddable":true,"href":"https:\/\/www.tualianza.com.uy\/inicio\/index.php?rest_route=%2Fwp%2Fv2%2Fproduct_brand&post=10838"},{"taxonomy":"product_cat","embeddable":true,"href":"https:\/\/www.tualianza.com.uy\/inicio\/index.php?rest_route=%2Fwp%2Fv2%2Fproduct_cat&post=10838"},{"taxonomy":"product_tag","embeddable":true,"href":"https:\/\/www.tualianza.com.uy\/inicio\/index.php?rest_route=%2Fwp%2Fv2%2Fproduct_tag&post=10838"}],"curies":[{"name":"wp","href":"https:\/\/api.w.org\/{rel}","templated":true}]}}